{"id":1521,"date":"2025-01-17T08:29:34","date_gmt":"2025-01-17T07:29:34","guid":{"rendered":"https:\/\/www.tb-academy.nl\/moje-konto\/"},"modified":"2025-05-30T09:01:00","modified_gmt":"2025-05-30T07:01:00","slug":"moje-konto","status":"publish","type":"page","link":"https:\/\/www.tb-academy.nl\/pl\/moje-konto\/","title":{"rendered":"Moje konto"},"content":{"rendered":"\t\t<div data-elementor-type=\"wp-page\" data-elementor-id=\"1521\" class=\"elementor elementor-1521 elementor-54\" data-elementor-post-type=\"page\">\n\t\t\t\t<div class=\"elementor-element elementor-element-d71fd9d e-flex e-con-boxed e-con e-parent\" data-id=\"d71fd9d\" data-element_type=\"container\" data-e-type=\"container\">\n\t\t\t\t\t<div class=\"e-con-inner\">\n\t\t\t\t<div class=\"elementor-element elementor-element-45af0cd elementor-widget elementor-widget-shortcode\" data-id=\"45af0cd\" data-element_type=\"widget\" data-e-type=\"widget\" data-widget_type=\"shortcode.default\">\n\t\t\t\t<div class=\"elementor-widget-container\">\n\t\t\t\t\t\t\t<div class=\"elementor-shortcode\">\t\t\t<div id=\"magic-login-shortcode\">\n\t\t\t<div class=\"magic-login-form-header\">\n\t\t\t\t<p class=\"message\">Wprowad\u017a swoj\u0105 nazw\u0119 u\u017cytkownika lub adres e-mail. Otrzymasz wiadomo\u015b\u0107 e-mail, aby si\u0119 zalogowa\u0107. <\/p>\n\t\t\t<\/div>\n\t\t\t\t\t\t\t<form name=\"magicloginform\"\n\t\t\t\t\t  class=\"magic-login-inline-login-form \"\n\t\t\t\t\t  id=\"magicloginform\"\n\t\t\t\t\t  action=\"\"\n\t\t\t\t\t  method=\"post\"\n\t\t\t\t\t  autocomplete=\"off\"\n\t\t\t\t\t  data-ajax-url=\"https:\/\/www.tb-academy.nl\/wp-admin\/admin-ajax.php\"\n\t\t\t\t\t  data-ajax-spinner=\"https:\/\/www.tb-academy.nl\/wp-admin\/images\/spinner.gif\"\n\t\t\t\t\t  data-ajax-sending-msg=\"Wysy\u0142anie...\"\n\t\t\t\t\t  data-spam-protection-msg=\"Sprawd\u017a, czy nie jeste\u015b robotem.\"\n\t\t\t\t>\n\t\t\t\t\t\t\t\t\t\t\t<label for=\"user_login\">Nazwa u\u017cytkownika lub adres e-mail<\/label>\n\t\t\t\t\t\t\t\t\t\t<input type=\"text\" name=\"log\" id=\"user_login\" class=\"input\" value=\"\" size=\"20\" autocapitalize=\"off\" autocomplete=\"username\" required \/>\n\t\t\t\t\t\n\n\t\t\t\t\t\t\t\t\t\t\t<input type=\"hidden\" name=\"redirect_to\" value=\"https:\/\/www.tb-academy.nl\/pl\/wp-json\/wp\/v2\/pages\/1521\" \/>\n\t\t\t\t\t\t\t\t\t\t<input type=\"hidden\" name=\"testcookie\" value=\"1\" \/>\n\n\t\t\t\t\t\t\t\t\t\t\t<input type=\"hidden\" name=\"messages[info]\" value=\"\" \/>\n\t\t\t\t\t\t<input type=\"hidden\" name=\"messages[error]\" value=\"\" \/>\n\t\t\t\t\t\t<input type=\"hidden\" name=\"messages[success]\" value=\"\" \/>\n\t\t\t\t\t\n\t\t\t\t\t<input type=\"submit\" name=\"wp-submit\" id=\"wp-submit\" class=\"magic-login-submit button button-primary button-large \" value=\"Wy\u015blij mi link\" \/>\n\t\t\t\t<\/form>\n\t\t\t\t\t<\/div>\n\t\t<\/div>\n\t\t\t\t\t\t<\/div>\n\t\t\t\t<\/div>\n\t\t\t\t\t<\/div>\n\t\t\t\t<\/div>\n\t\t<div class=\"elementor-element elementor-element-3f1702d e-flex e-con-boxed e-con e-parent\" data-id=\"3f1702d\" data-element_type=\"container\" data-e-type=\"container\">\n\t\t\t\t\t<div class=\"e-con-inner\">\n\t\t\t\t<div class=\"elementor-element elementor-element-bb23c33 elementor-widget elementor-widget-html\" data-id=\"bb23c33\" data-element_type=\"widget\" data-e-type=\"widget\" data-widget_type=\"html.default\">\n\t\t\t\t<div class=\"elementor-widget-container\">\n\t\t\t\t\t<div id=\"toegang-melding-container\"><\/div>\r\n\r\n<script>\r\n  window.addEventListener('DOMContentLoaded', function () {\r\n    const params = new URLSearchParams(window.location.search);\r\n    if (params.get('toegang') === 'geweigerd') {\r\n      const container = document.getElementById('toegang-melding-container');\r\n\r\n      const message = document.createElement('div');\r\n      message.innerHTML = `\r\n        <span style=\"float:right;cursor:pointer;font-weight:bold;\">&times;<\/span>\r\n        Je sessie is verlopen of je hebt geen toegang. Log opnieuw in om verder te gaan.\r\n      `;\r\n\r\n      Object.assign(message.style, {\r\n        backgroundColor: '#f8d7da',\r\n        color: '#721c24',\r\n        padding: '12px 16px',\r\n        marginBottom: '20px',\r\n        border: '1px solid #f5c6cb',\r\n        borderRadius: '4px',\r\n        position: 'relative'\r\n      });\r\n\r\n      \/\/ Voeg klikbare sluitknop toe\r\n      message.querySelector('span').addEventListener('click', () => {\r\n        message.remove();\r\n      });\r\n\r\n     \r\n\r\n      container.appendChild(message);\r\n    }\r\n  });\r\n<\/script>\r\n\t\t\t\t<\/div>\n\t\t\t\t<\/div>\n\t\t\t\t<div class=\"elementor-element elementor-element-b179fed elementor-widget elementor-widget-html\" data-id=\"b179fed\" data-element_type=\"widget\" data-e-type=\"widget\" data-widget_type=\"html.default\">\n\t\t\t\t<div class=\"elementor-widget-container\">\n\t\t\t\t\t<script>\r\n  document.addEventListener(\"DOMContentLoaded\", function () {\r\n    const nav = document.querySelector(\".e-my-account-tab nav\");\r\n\r\n    if (nav) {\r\n      nav.addEventListener(\"click\", function () {\r\n        nav.classList.toggle(\"active\");\r\n      });\r\n    }\r\n  });\r\n<\/script>\r\n\t\t\t\t<\/div>\n\t\t\t\t<\/div>\n\t\t\t\t\t<\/div>\n\t\t\t\t<\/div>\n\t\t\t\t<\/div>\n\t\t","protected":false},"excerpt":{"rendered":"<p>Panel g\u0142\u00f3wny Zam\u00f3wienia Pobieranie Adresy Szczeg\u00f3\u0142y konta Wyloguj si\u0119 Witaj Websitetoday (nie jeste\u015b Websitetoday? Wyloguj si\u0119) W ustawieniach swojego konta mo\u017cesz przejrze\u0107 swoje ostatnie zam\u00f3wienia, zarz\u0105dza\u0107 adresami p\u0142atno\u015bci i dostawy oraz zmienia\u0107 has\u0142o i szczeg\u00f3\u0142y konta.<\/p>\n","protected":false},"author":1,"featured_media":0,"parent":0,"menu_order":0,"comment_status":"closed","ping_status":"closed","template":"","meta":{"footnotes":""},"class_list":["post-1521","page","type-page","status-publish","hentry"],"_links":{"self":[{"href":"https:\/\/www.tb-academy.nl\/pl\/wp-json\/wp\/v2\/pages\/1521","targetHints":{"allow":["GET"]}}],"collection":[{"href":"https:\/\/www.tb-academy.nl\/pl\/wp-json\/wp\/v2\/pages"}],"about":[{"href":"https:\/\/www.tb-academy.nl\/pl\/wp-json\/wp\/v2\/types\/page"}],"author":[{"embeddable":true,"href":"https:\/\/www.tb-academy.nl\/pl\/wp-json\/wp\/v2\/users\/1"}],"replies":[{"embeddable":true,"href":"https:\/\/www.tb-academy.nl\/pl\/wp-json\/wp\/v2\/comments?post=1521"}],"version-history":[{"count":9,"href":"https:\/\/www.tb-academy.nl\/pl\/wp-json\/wp\/v2\/pages\/1521\/revisions"}],"predecessor-version":[{"id":3102,"href":"https:\/\/www.tb-academy.nl\/pl\/wp-json\/wp\/v2\/pages\/1521\/revisions\/3102"}],"wp:attachment":[{"href":"https:\/\/www.tb-academy.nl\/pl\/wp-json\/wp\/v2\/media?parent=1521"}],"curies":[{"name":"wp","href":"https:\/\/api.w.org\/{rel}","templated":true}]}}