{"id":1684,"date":"2025-04-09T15:39:34","date_gmt":"2025-04-09T13:39:34","guid":{"rendered":"https:\/\/www.tb-academy.nl\/ogolne-warunki-handlowe\/"},"modified":"2025-05-30T08:59:08","modified_gmt":"2025-05-30T06:59:08","slug":"ogolne-warunki-handlowe","status":"publish","type":"page","link":"https:\/\/www.tb-academy.nl\/pl\/ogolne-warunki-handlowe\/","title":{"rendered":"Og\u00f3lne warunki handlowe"},"content":{"rendered":"\t\t<div data-elementor-type=\"wp-page\" data-elementor-id=\"1684\" class=\"elementor elementor-1684 elementor-1065\" data-elementor-post-type=\"page\">\n\t\t\t\t<div class=\"elementor-element elementor-element-43a2181 e-flex e-con-boxed e-con e-parent\" data-id=\"43a2181\" data-element_type=\"container\" data-e-type=\"container\" data-settings=\"{&quot;background_background&quot;:&quot;classic&quot;}\">\n\t\t\t\t\t<div class=\"e-con-inner\">\n\t\t<div class=\"elementor-element elementor-element-c374418 e-flex e-con-boxed e-con e-child\" data-id=\"c374418\" data-element_type=\"container\" data-e-type=\"container\">\n\t\t\t\t\t<div class=\"e-con-inner\">\n\t\t\t\t<div class=\"elementor-element elementor-element-c1cc488 elementor-position-inline-start elementor-mobile-position-inline-start m_top sub_head elementor-view-default elementor-widget elementor-widget-icon-box\" data-id=\"c1cc488\" data-element_type=\"widget\" data-e-type=\"widget\" data-widget_type=\"icon-box.default\">\n\t\t\t\t<div class=\"elementor-widget-container\">\n\t\t\t\t\t\t\t<div class=\"elementor-icon-box-wrapper\">\n\n\t\t\t\t\t\t<div class=\"elementor-icon-box-icon\">\n\t\t\t\t<span  class=\"elementor-icon\">\n\t\t\t\t<svg xmlns=\"http:\/\/www.w3.org\/2000\/svg\" width=\"30\" height=\"11\" viewBox=\"0 0 30 11\" fill=\"none\"><path d=\"M9.83203 5.49958L2.45703 9.94266L2.45703 1.05649L9.83203 5.49958Z\" fill=\"#E9752B\"><\/path><path d=\"M19.668 5.49958L12.293 9.94266V1.05649L19.668 5.49958Z\" fill=\"#E9752B\" fill-opacity=\"0.6\"><\/path><path d=\"M29.5 5.49958L22.125 9.94266V1.05649L29.5 5.49958Z\" fill=\"#E9752B\" fill-opacity=\"0.25\"><\/path><\/svg>\t\t\t\t<\/span>\n\t\t\t<\/div>\n\t\t\t\n\t\t\t\t\t\t<div class=\"elementor-icon-box-content\">\n\n\t\t\t\t\n\t\t\t\t\t\t\t\t\t<p class=\"elementor-icon-box-description\">\n\t\t\t\t\t\tOg\u00f3lne warunki handlowe\t\t\t\t\t<\/p>\n\t\t\t\t\n\t\t\t<\/div>\n\t\t\t\n\t\t<\/div>\n\t\t\t\t\t\t<\/div>\n\t\t\t\t<\/div>\n\t\t\t\t<div class=\"elementor-element elementor-element-2929245 elementor-widget elementor-widget-text-editor\" data-id=\"2929245\" data-element_type=\"widget\" data-e-type=\"widget\" data-widget_type=\"text-editor.default\">\n\t\t\t\t<div class=\"elementor-widget-container\">\n\t\t\t\t\t\t\t\t\t<p>OG\u00d3LNE WARUNKI HANDLOWE TB ACADEMY B.V.<\/p><p>Ostatnia aktualizacja:<em> 30 kwietnia 2025 r<\/em>.<\/p><ol><li><p><strong>Definicje<\/strong><\/p><\/li><\/ol><p>1.1 W niniejszych warunkach oznacza:<\/p><ul><li><p>\"TB Academy\": TB Academy B.V. z siedzib\u0105 pod adresem Hullerpad 13 G, 6741PA Lunteren, Holandia, zarejestrowana w Izbie Handlowej pod numerem 90089286.<\/p><\/li><li><p>\"Klient\" oznacza ka\u017cd\u0105 osob\u0119 fizyczn\u0105 lub prawn\u0105, kt\u00f3ra subskrybuje dost\u0119p do modu\u0142\u00f3w online TB Academy.<\/p><\/li><li><p>\"Us\u0142ugi\" oznaczaj\u0105 modu\u0142y online opisane na stronie <a href=\"https:\/\/www.tb-academy.nl\/pl\/moduly\/\">https:\/\/www.tb-academy.nl\/modules\/,<\/a> dost\u0119pne za po\u015brednictwem platformy edukacyjnej.<\/p><\/li><li><p>\"Abonament\" oznacza dost\u0119p do Us\u0142ug na uzgodniony okres, po uiszczeniu op\u0142aty abonamentowej.<\/p><\/li><li><p>\"Prawo do odst\u0105pienia od umowy\" oznacza prawo Klienta do rozwi\u0105zania umowy w ustawowym terminie.<\/p><\/li><\/ul><ol start=\"2\"><li><p><strong>Zastosowanie<\/strong><\/p><\/li><\/ol><p>2.1 Niniejsze warunki maj\u0105 zastosowanie do wszystkich ofert, um\u00f3w subskrypcyjnych i innych um\u00f3w mi\u0119dzy TB Academy a Klientem dotycz\u0105cych Us\u0142ug.<\/p><p>2.2 Odst\u0119pstwa od niniejszych warunk\u00f3w s\u0105 wa\u017cne tylko wtedy, gdy zosta\u0142y uzgodnione na pi\u015bmie.<\/p><ol start=\"3\"><li><p><strong>Us\u0142ugi i dost\u0119p<\/strong><\/p><\/li><\/ol><p>3.1 TB Academy udost\u0119pnia modu\u0142y online za po\u015brednictwem bezpiecznej platformy edukacyjnej.<\/p><p>3.2 Dost\u0119p jest osobisty i niezbywalny. Dane logowania nie mog\u0105 by\u0107 udost\u0119pniane osobom trzecim. <\/p><ol start=\"4\"><li><p><strong>Subskrypcja i czas trwania<\/strong><\/p><\/li><\/ol><p>4.1 Subskrypcja jest zawierana na pocz\u0105tkowy okres 12 miesi\u0119cy (1 roku).<\/p><p>4.2 Przed\u0142u\u017cenie Subskrypcji mo\u017ce nast\u0105pi\u0107 wy\u0142\u0105cznie za wyra\u017an\u0105 zgod\u0105 Klienta. TB Academy wy\u015ble Klientowi pisemne lub e-mailowe przypomnienie co najmniej miesi\u0105c przed ko\u0144cem okresu subskrypcji. <\/p><p>4.3 Wypowiedzenie umowy przez Klienta mo\u017ce zosta\u0107 z\u0142o\u017cone w formie pisemnej poczt\u0105 elektroniczn\u0105 na adres <a href=\"mailto:info@tb-academy.nl\">info@tb-academy.nl<\/a> lub za po\u015brednictwem Panelu Klienta nie p\u00f3\u017aniej ni\u017c miesi\u0105c przed ko\u0144cem bie\u017c\u0105cego okresu subskrypcji.<\/p><ol start=\"5\"><li><p><strong>Ceny i p\u0142atno\u015bci<\/strong><\/p><\/li><\/ol><p>5.1 Aktualne ceny i metody p\u0142atno\u015bci s\u0105 podane na stronie <a href=\"https:\/\/www.tb-academy.nl\/pl\/cennik\/\">https:\/\/www.tb-academy.nl\/tarieven\/<\/a> przed zawarciem umowy.<\/p><p>5.2 P\u0142atno\u015bci nale\u017cy dokona\u0107 przed aktywacj\u0105 Subskrypcji za pomoc\u0105 oferowanych metod p\u0142atno\u015bci.<\/p><p>5.3 O ile nie wskazano inaczej, wszystkie kwoty nie zawieraj\u0105 podatku VAT.<\/p><p>5.4 W przypadku op\u00f3\u017anienia w p\u0142atno\u015bci, TB Academy ma prawo zawiesi\u0107 dost\u0119p do czasu otrzymania pe\u0142nej p\u0142atno\u015bci.<\/p><ol start=\"6\"><li><p><strong>Prawo do odst\u0105pienia i anulowania<\/strong><\/p><\/li><\/ol><p>6.1 Konsumenci maj\u0105 prawo do odst\u0105pienia od umowy w ci\u0105gu 14 dni od dnia rejestracji w przypadku sprzeda\u017cy na odleg\u0142o\u015b\u0107, pod warunkiem, \u017ce dost\u0119p do modu\u0142\u00f3w nie zosta\u0142 jeszcze wykorzystany.<\/p><p>6.2 Skorzystanie z prawa do odst\u0105pienia od umowy musi nast\u0105pi\u0107 w formie pisemnej za po\u015brednictwem wzoru formularza lub jednoznacznego o\u015bwiadczenia przes\u0142anego poczt\u0105 elektroniczn\u0105.<\/p><p>6.3 Je\u015bli Klient korzysta\u0142 ju\u017c z modu\u0142\u00f3w, prawo do odst\u0105pienia od umowy wygasa w odniesieniu do odpowiednich modu\u0142\u00f3w.<\/p><ol start=\"7\"><li><p><strong>Obowi\u0105zek ujawniania i odzyskiwania informacji<\/strong><\/p><\/li><\/ol><p>7.1 TB Academy informuje Klienta przed zawarciem umowy o istotnych cechach Us\u0142ug, cenie, warunkach p\u0142atno\u015bci i dostawy oraz prawie odst\u0105pienia od umowy.<\/p><p>7.2 Klient mo\u017ce zapisa\u0107 i wydrukowa\u0107 niniejsze og\u00f3lne warunki handlowe oraz specyfikacj\u0119 zam\u00f3wienia.<\/p><ol start=\"8\"><li><p><strong>W\u0142asno\u015b\u0107 intelektualna<\/strong><\/p><\/li><\/ol><p>8.1 Wszelkie prawa w\u0142asno\u015bci intelektualnej do tre\u015bci platformy edukacyjnej nale\u017c\u0105 do TB Academy lub jej licencjodawc\u00f3w.<\/p><p>8.2 Klient nie mo\u017ce kopiowa\u0107, rozpowszechnia\u0107 ani edytowa\u0107 tre\u015bci bez uprzedniej pisemnej zgody.<\/p><ol start=\"9\"><li><p><strong>Odpowiedzialno\u015b\u0107<\/strong><\/p><\/li><\/ol><p>9.1 TB Academy d\u0105\u017cy do zapewnienia nieprzerwanej i wolnej od b\u0142\u0119d\u00f3w us\u0142ugi, ale nie mo\u017ce tego zagwarantowa\u0107.<\/p><p>9.2 TB Academy ponosi odpowiedzialno\u015b\u0107 za bezpo\u015brednie szkody wy\u0142\u0105cznie do maksymalnej wysoko\u015bci op\u0142aty abonamentowej uiszczonej przez Klienta w ci\u0105gu ostatnich 12 miesi\u0119cy, chyba \u017ce dosz\u0142o do umy\u015blnego dzia\u0142ania lub ra\u017c\u0105cego niedbalstwa.<\/p><ol start=\"10\"><li><p><strong>Prywatno\u015b\u0107<\/strong><\/p><\/li><\/ol><p>10.1 TB Academy przetwarza dane osobowe zgodnie z o\u015bwiadczeniem o ochronie prywatno\u015bci dost\u0119pnym na stronie <a href=\"https:\/\/www.tb-academy.nl\/pl\/oswiadczenie-o-ochronie-prywatnosci\/\">https:\/\/www.tb-academy.nl\/privacyverklaring\/.<\/a><\/p><p>10.2 Dane osobowe b\u0119d\u0105 wykorzystywane wy\u0142\u0105cznie w celu wykonania umowy i w celach bezpo\u015brednio z ni\u0105 zwi\u0105zanych.<\/p><ol start=\"11\"><li><p><strong>Zmiany warunk\u00f3w<\/strong><\/p><\/li><\/ol><p>11.1 TB Academy zastrzega sobie prawo do zmiany niniejszych warunk\u00f3w. Zmiany b\u0119d\u0105 og\u0142aszane z co najmniej 30-dniowym wyprzedzeniem za po\u015brednictwem strony internetowej lub poczty elektronicznej. <\/p><p>11.2 Je\u017celi Klient nie zg\u0142osi sprzeciwu w ci\u0105gu 14 dni od og\u0142oszenia, nowe warunki uznaje si\u0119 za zaakceptowane.<\/p><ol start=\"12\"><li><p><strong>Prawo w\u0142a\u015bciwe i spory<\/strong><\/p><\/li><\/ol><p>12.1 Niniejsze warunki podlegaj\u0105 wy\u0142\u0105cznie prawu holenderskiemu.<\/p><p>12.2 Spory b\u0119d\u0105 rozpatrywane przez w\u0142a\u015bciwy s\u0105d w okr\u0119gu Arnhem-Leeuwarden.<\/p>\t\t\t\t\t\t\t\t<\/div>\n\t\t\t\t<\/div>\n\t\t\t\t\t<\/div>\n\t\t\t\t<\/div>\n\t\t\t\t\t<\/div>\n\t\t\t\t<\/div>\n\t\t\t\t<\/div>\n\t\t","protected":false},"excerpt":{"rendered":"<p>OG\u00d3LNE WARUNKI HANDLOWE TB ACADEMY B.V. Ostatnia aktualizacja: 30 kwietnia 2025 r. Definicje 1.1 W niniejszych warunkach oznacza: \"TB Academy\": TB Academy B.V. z siedzib\u0105 pod adresem Hullerpad 13 G, 6741PA Lunteren, Holandia, zarejestrowana w Izbie Handlowej pod numerem 90089286. \"Klient\" oznacza ka\u017cd\u0105 osob\u0119 fizyczn\u0105 lub prawn\u0105, kt\u00f3ra subskrybuje dost\u0119p do modu\u0142\u00f3w online TB Academy. [&hellip;]<\/p>\n","protected":false},"author":1,"featured_media":0,"parent":0,"menu_order":0,"comment_status":"closed","ping_status":"closed","template":"","meta":{"footnotes":""},"class_list":["post-1684","page","type-page","status-publish","hentry"],"_links":{"self":[{"href":"https:\/\/www.tb-academy.nl\/pl\/wp-json\/wp\/v2\/pages\/1684","targetHints":{"allow":["GET"]}}],"collection":[{"href":"https:\/\/www.tb-academy.nl\/pl\/wp-json\/wp\/v2\/pages"}],"about":[{"href":"https:\/\/www.tb-academy.nl\/pl\/wp-json\/wp\/v2\/types\/page"}],"author":[{"embeddable":true,"href":"https:\/\/www.tb-academy.nl\/pl\/wp-json\/wp\/v2\/users\/1"}],"replies":[{"embeddable":true,"href":"https:\/\/www.tb-academy.nl\/pl\/wp-json\/wp\/v2\/comments?post=1684"}],"version-history":[{"count":4,"href":"https:\/\/www.tb-academy.nl\/pl\/wp-json\/wp\/v2\/pages\/1684\/revisions"}],"predecessor-version":[{"id":3096,"href":"https:\/\/www.tb-academy.nl\/pl\/wp-json\/wp\/v2\/pages\/1684\/revisions\/3096"}],"wp:attachment":[{"href":"https:\/\/www.tb-academy.nl\/pl\/wp-json\/wp\/v2\/media?parent=1684"}],"curies":[{"name":"wp","href":"https:\/\/api.w.org\/{rel}","templated":true}]}}