{"id":1687,"date":"2025-04-09T15:41:34","date_gmt":"2025-04-09T13:41:34","guid":{"rendered":"https:\/\/www.tb-academy.nl\/oswiadczenie-o-ochronie-prywatnosci\/"},"modified":"2025-04-25T14:13:21","modified_gmt":"2025-04-25T12:13:21","slug":"oswiadczenie-o-ochronie-prywatnosci","status":"publish","type":"page","link":"https:\/\/www.tb-academy.nl\/pl\/oswiadczenie-o-ochronie-prywatnosci\/","title":{"rendered":"O\u015bwiadczenie o ochronie prywatno\u015bci"},"content":{"rendered":"\t\t<div data-elementor-type=\"wp-page\" data-elementor-id=\"1687\" class=\"elementor elementor-1687 elementor-1079\" data-elementor-post-type=\"page\">\n\t\t\t\t<div class=\"elementor-element elementor-element-a193288 e-flex e-con-boxed e-con e-parent\" data-id=\"a193288\" data-element_type=\"container\" data-e-type=\"container\" data-settings=\"{&quot;background_background&quot;:&quot;classic&quot;}\">\n\t\t\t\t\t<div class=\"e-con-inner\">\n\t\t<div class=\"elementor-element elementor-element-ce6645e e-flex e-con-boxed e-con e-child\" data-id=\"ce6645e\" data-element_type=\"container\" data-e-type=\"container\">\n\t\t\t\t\t<div class=\"e-con-inner\">\n\t\t\t\t<div class=\"elementor-element elementor-element-7d52b02 elementor-position-inline-start elementor-mobile-position-inline-start m_top sub_head elementor-view-default elementor-widget elementor-widget-icon-box\" data-id=\"7d52b02\" data-element_type=\"widget\" data-e-type=\"widget\" data-widget_type=\"icon-box.default\">\n\t\t\t\t<div class=\"elementor-widget-container\">\n\t\t\t\t\t\t\t<div class=\"elementor-icon-box-wrapper\">\n\n\t\t\t\t\t\t<div class=\"elementor-icon-box-icon\">\n\t\t\t\t<span  class=\"elementor-icon\">\n\t\t\t\t<svg xmlns=\"http:\/\/www.w3.org\/2000\/svg\" width=\"30\" height=\"11\" viewBox=\"0 0 30 11\" fill=\"none\"><path d=\"M9.83203 5.49958L2.45703 9.94266L2.45703 1.05649L9.83203 5.49958Z\" fill=\"#E9752B\"><\/path><path d=\"M19.668 5.49958L12.293 9.94266V1.05649L19.668 5.49958Z\" fill=\"#E9752B\" fill-opacity=\"0.6\"><\/path><path d=\"M29.5 5.49958L22.125 9.94266V1.05649L29.5 5.49958Z\" fill=\"#E9752B\" fill-opacity=\"0.25\"><\/path><\/svg>\t\t\t\t<\/span>\n\t\t\t<\/div>\n\t\t\t\n\t\t\t\t\t\t<div class=\"elementor-icon-box-content\">\n\n\t\t\t\t\n\t\t\t\t\t\t\t\t\t<p class=\"elementor-icon-box-description\">\n\t\t\t\t\t\tO\u015bwiadczenie o ochronie prywatno\u015bci\t\t\t\t\t<\/p>\n\t\t\t\t\n\t\t\t<\/div>\n\t\t\t\n\t\t<\/div>\n\t\t\t\t\t\t<\/div>\n\t\t\t\t<\/div>\n\t\t\t\t<div class=\"elementor-element elementor-element-c83934f elementor-widget elementor-widget-text-editor\" data-id=\"c83934f\" data-element_type=\"widget\" data-e-type=\"widget\" data-widget_type=\"text-editor.default\">\n\t\t\t\t<div class=\"elementor-widget-container\">\n\t\t\t\t\t\t\t\t\t<p class=\"\" data-start=\"3620\" data-end=\"3661\"><strong data-start=\"3620\" data-end=\"3661\">O\u015bwiadczenie o ochronie prywatno\u015bci TB Academy B.V.<\/strong><\/p><p class=\"\" data-start=\"3663\" data-end=\"3691\"><em data-start=\"3663\" data-end=\"3691\">Ostatnia aktualizacja: 09-04-2025<\/em><\/p><p class=\"\" data-start=\"3693\" data-end=\"3872\">TB Academy B.V., z siedzib\u0105 pod adresem Hullerpad 13 G, 6741PA Lunteren, Holandia, jest odpowiedzialna za przetwarzanie danych osobowych w spos\u00f3b okre\u015blony w niniejszym o\u015bwiadczeniu o ochronie prywatno\u015bci.<\/p><p class=\"\" data-start=\"3874\" data-end=\"3915\"><strong data-start=\"3874\" data-end=\"3915\">1. Przetwarzane przez nas dane osobowe<\/strong><\/p><p class=\"\" data-start=\"3917\" data-end=\"4113\">TB Academy B.V. przetwarza Twoje dane osobowe, poniewa\u017c korzystasz z naszych us\u0142ug i\/lub sam nam je przekazujesz. Poni\u017cej znajduje si\u0119 przegl\u0105d przetwarzanych przez nas danych osobowych: <\/p><ul data-start=\"4115\" data-end=\"4290\"><li class=\"\" data-start=\"4115\" data-end=\"4136\"><p class=\"\" data-start=\"4117\" data-end=\"4136\">Imi\u0119 i nazwisko<\/p><\/li><li class=\"\" data-start=\"4137\" data-end=\"4152\"><p class=\"\" data-start=\"4139\" data-end=\"4152\">Dane adresowe<\/p><\/li><li class=\"\" data-start=\"4153\" data-end=\"4169\"><p class=\"\" data-start=\"4155\" data-end=\"4169\">Numer telefonu<\/p><\/li><li class=\"\" data-start=\"4170\" data-end=\"4183\"><p class=\"\" data-start=\"4172\" data-end=\"4183\">Adres e-mail<\/p><\/li><li class=\"\" data-start=\"4184\" data-end=\"4200\"><p class=\"\" data-start=\"4186\" data-end=\"4200\">Szczeg\u00f3\u0142y p\u0142atno\u015bci<\/p><\/li><li class=\"\" data-start=\"4201\" data-end=\"4238\"><p class=\"\" data-start=\"4203\" data-end=\"4238\">Dane logowania do platformy edukacyjnej<\/p><\/li><li class=\"\" data-start=\"4239\" data-end=\"4290\"><p class=\"\" data-start=\"4241\" data-end=\"4290\">Dane dotycz\u0105ce aktywno\u015bci u\u017cytkownika na naszej platformie edukacyjnej<\/p><\/li><\/ul><p class=\"\" data-start=\"4292\" data-end=\"4334\"><strong data-start=\"4292\" data-end=\"4334\">2. Cel i podstawa przetwarzania<\/strong><\/p><p class=\"\" data-start=\"4336\" data-end=\"4405\">TB Academy B.V. przetwarza dane osobowe u\u017cytkownika w nast\u0119puj\u0105cych celach:<\/p><ul data-start=\"4407\" data-end=\"4735\"><li class=\"\" data-start=\"4407\" data-end=\"4472\"><p class=\"\" data-start=\"4409\" data-end=\"4472\">Obs\u0142uga p\u0142atno\u015bci i zarz\u0105dzanie subskrypcj\u0105<\/p><\/li><li class=\"\" data-start=\"4473\" data-end=\"4533\"><p class=\"\" data-start=\"4475\" data-end=\"4533\">Tworzenie i zarz\u0105dzanie kontem na naszej platformie edukacyjnej<\/p><\/li><li class=\"\" data-start=\"4534\" data-end=\"4612\"><p class=\"\" data-start=\"4536\" data-end=\"4612\">Wysy\u0142anie informacji o zmianach w naszych us\u0142ugach i produktach<\/p><\/li><li class=\"\" data-start=\"4613\" data-end=\"4691\"><p class=\"\" data-start=\"4615\" data-end=\"4691\">Ulepszanie naszych us\u0142ug i platformy edukacyjnej na podstawie sposobu korzystania z nich przez u\u017cytkownika<\/p><\/li><li class=\"\" data-start=\"4692\" data-end=\"4735\"><p class=\"\" data-start=\"4694\" data-end=\"4735\">Wype\u0142nianie zobowi\u0105za\u0144 prawnych<\/p><\/li><\/ul><p class=\"\" data-start=\"4737\" data-end=\"4757\"><strong data-start=\"4737\" data-end=\"4757\">3. Okres przechowywania<\/strong><\/p><p class=\"\" data-start=\"4759\" data-end=\"4942\">TB Academy B.V. nie b\u0119dzie przechowywa\u0107 danych osobowych u\u017cytkownika d\u0142u\u017cej, ni\u017c jest to bezwzgl\u0119dnie konieczne do realizacji cel\u00f3w, dla kt\u00f3rych dane te s\u0105 gromadzone. Stosujemy nast\u0119puj\u0105ce okresy przechowywania: <\/p><ul data-start=\"4944\" data-end=\"5071\"><li class=\"\" data-start=\"4944\" data-end=\"5010\"><p class=\"\" data-start=\"4946\" data-end=\"5010\">Dane konta: do 12 miesi\u0119cy po zako\u0144czeniu subskrypcji<\/p><\/li><li class=\"\" data-start=\"5011\" data-end=\"5071\"><p class=\"\" data-start=\"5013\" data-end=\"5071\">Dane dotycz\u0105ce p\u0142atno\u015bci: zgodnie z obowi\u0105zkiem przechowywania danych przez 7 lat.<\/p><\/li><\/ul><p class=\"\" data-start=\"5073\" data-end=\"5117\"><strong data-start=\"5073\" data-end=\"5117\">4. Udost\u0119pnianie danych osobowych stronom trzecim<\/strong><\/p><p class=\"\" data-start=\"5119\" data-end=\"5304\">TB Academy B.V. ujawnia dane osobowe u\u017cytkownika stronom trzecim tylko wtedy, gdy jest to konieczne do wykonania naszej umowy z u\u017cytkownikiem lub do spe\u0142nienia obowi\u0105zku prawnego.<\/p><p class=\"\" data-start=\"5306\" data-end=\"5345\"><strong data-start=\"5306\" data-end=\"5345\">5. Bezpiecze\u0144stwo danych osobowych<\/strong><\/p><p class=\"\" data-start=\"5347\" data-end=\"5680\">TB Academy B.V. powa\u017cnie traktuje ochron\u0119 danych u\u017cytkownika i podejmuje odpowiednie \u015brodki w celu ochrony przed niew\u0142a\u015bciwym wykorzystaniem, utrat\u0105, nieuprawnionym dost\u0119pem, niepo\u017c\u0105danym ujawnieniem i nieuprawnion\u0105 modyfikacj\u0105. Nasza strona internetowa i platforma edukacyjna korzystaj\u0105 z bezpiecznych po\u0142\u0105cze\u0144 (SSL), a dane u\u017cytkownika s\u0105 przechowywane na bezpiecznych serwerach. <\/p><p class=\"\" data-start=\"5682\" data-end=\"5699\"><strong data-start=\"5682\" data-end=\"5699\">6. Prawa u\u017cytkownika<\/strong><\/p><p class=\"\" data-start=\"5701\" data-end=\"6248\">U\u017cytkownik ma prawo do przegl\u0105dania, poprawiania lub usuwania swoich danych osobowych. Ponadto u\u017cytkownik ma prawo do wycofania ewentualnej zgody na przetwarzanie danych lub wniesienia sprzeciwu wobec przetwarzania danych osobowych przez TB Academy B.V. oraz ma prawo do przenoszenia danych. Wniosek o wgl\u0105d, poprawienie, usuni\u0119cie lub przeniesienie danych osobowych lub wniosek o wycofanie zgody lub sprzeciw wobec przetwarzania danych osobowych mo\u017cna przes\u0142a\u0107 na adres <a class=\"cursor-pointer\" rel=\"noopener\" data-start=\"6229\" data-end=\"6247\">info@tb-academy.nl.<\/a>  <\/p><p class=\"\" data-start=\"6250\" data-end=\"6264\"><strong data-start=\"6250\" data-end=\"6264\">7. Pliki cookie<\/strong><\/p><p class=\"\" data-start=\"6266\" data-end=\"6529\">TB Academy B.V. wykorzystuje funkcjonalne, analityczne i \u015bledz\u0105ce pliki cookie w celu ulepszenia i dostosowania strony internetowej i platformy edukacyjnej do preferencji u\u017cytkownika. Podczas pierwszej wizyty u\u017cytkownika informujemy go o tych plikach cookie i prosimy o zgod\u0119 na ich umieszczenie. <\/p><p class=\"\" data-start=\"6531\" data-end=\"6575\"><strong data-start=\"6531\" data-end=\"6575\">8. Zmiany w niniejszym o\u015bwiadczeniu o ochronie prywatno\u015bci<\/strong><\/p><p class=\"\" data-start=\"6577\" data-end=\"6833\">TB Academy B.V. zastrzega sobie prawo do zmiany niniejszego o\u015bwiadczenia o ochronie prywatno\u015bci. Dlatego zalecamy regularne sprawdzanie tej strony pod k\u0105tem zmian. W przypadku istotnych zmian, poinformujemy Ci\u0119 o tym za po\u015brednictwem poczty elektronicznej.  <\/p>\t\t\t\t\t\t\t\t<\/div>\n\t\t\t\t<\/div>\n\t\t\t\t\t<\/div>\n\t\t\t\t<\/div>\n\t\t\t\t\t<\/div>\n\t\t\t\t<\/div>\n\t\t\t\t<\/div>\n\t\t","protected":false},"excerpt":{"rendered":"<p>O\u015bwiadczenie o ochronie prywatno\u015bci TB Academy B.V. Ostatnia aktualizacja: 09-04-2025 TB Academy B.V., z siedzib\u0105 pod adresem Hullerpad 13 G, 6741PA Lunteren, Holandia, jest odpowiedzialna za przetwarzanie danych osobowych w spos\u00f3b okre\u015blony w niniejszym o\u015bwiadczeniu o ochronie prywatno\u015bci. 1. Przetwarzane przez nas dane osobowe TB Academy B.V. przetwarza Twoje dane osobowe, poniewa\u017c korzystasz z naszych [&hellip;]<\/p>\n","protected":false},"author":1,"featured_media":0,"parent":0,"menu_order":0,"comment_status":"closed","ping_status":"closed","template":"","meta":{"footnotes":""},"class_list":["post-1687","page","type-page","status-publish","hentry"],"_links":{"self":[{"href":"https:\/\/www.tb-academy.nl\/pl\/wp-json\/wp\/v2\/pages\/1687","targetHints":{"allow":["GET"]}}],"collection":[{"href":"https:\/\/www.tb-academy.nl\/pl\/wp-json\/wp\/v2\/pages"}],"about":[{"href":"https:\/\/www.tb-academy.nl\/pl\/wp-json\/wp\/v2\/types\/page"}],"author":[{"embeddable":true,"href":"https:\/\/www.tb-academy.nl\/pl\/wp-json\/wp\/v2\/users\/1"}],"replies":[{"embeddable":true,"href":"https:\/\/www.tb-academy.nl\/pl\/wp-json\/wp\/v2\/comments?post=1687"}],"version-history":[{"count":1,"href":"https:\/\/www.tb-academy.nl\/pl\/wp-json\/wp\/v2\/pages\/1687\/revisions"}],"predecessor-version":[{"id":1691,"href":"https:\/\/www.tb-academy.nl\/pl\/wp-json\/wp\/v2\/pages\/1687\/revisions\/1691"}],"wp:attachment":[{"href":"https:\/\/www.tb-academy.nl\/pl\/wp-json\/wp\/v2\/media?parent=1687"}],"curies":[{"name":"wp","href":"https:\/\/api.w.org\/{rel}","templated":true}]}}