{"id":1688,"date":"2025-04-18T20:12:30","date_gmt":"2025-04-18T18:12:30","guid":{"rendered":"https:\/\/www.tb-academy.nl\/product\/pakiet\/"},"modified":"2025-05-20T12:08:44","modified_gmt":"2025-05-20T10:08:44","slug":"srebro","status":"publish","type":"product","link":"https:\/\/www.tb-academy.nl\/pl\/produkt\/srebro\/","title":{"rendered":"Srebro"},"content":{"rendered":"<p class=\"\" data-start=\"62\" data-end=\"213\">Dzi\u0119ki <b>Zilver <\/b>nauczysz si\u0119 m\u00f3wi\u0107 po niderlandzku w rozpoznawalnych, codziennych sytuacjach we w\u0142asnym tempie. Mo\u017cesz po\u0142\u0105czy\u0107 trzy <a href=\"#modules\">modu\u0142y.<\/a> <\/p>\n","protected":false},"excerpt":{"rendered":"<p>Dzi\u0119ki Zilver nauczysz si\u0119 m\u00f3wi\u0107 po niderlandzku w rozpoznawalnych, codziennych sytuacjach we w\u0142asnym tempie. Mo\u017cesz po\u0142\u0105czy\u0107 trzy modu\u0142y.<\/p>\n","protected":false},"featured_media":1990,"comment_status":"open","ping_status":"closed","template":"","meta":[],"product_brand":[],"product_cat":[58],"product_tag":[],"class_list":{"0":"post-1688","1":"product","2":"type-product","3":"status-publish","4":"has-post-thumbnail","6":"product_cat-czlonkostwo","8":"first","9":"instock","10":"sale","11":"virtual","12":"taxable","13":"purchasable","14":"product-type-woosb"},"_links":{"self":[{"href":"https:\/\/www.tb-academy.nl\/pl\/wp-json\/wp\/v2\/product\/1688","targetHints":{"allow":["GET"]}}],"collection":[{"href":"https:\/\/www.tb-academy.nl\/pl\/wp-json\/wp\/v2\/product"}],"about":[{"href":"https:\/\/www.tb-academy.nl\/pl\/wp-json\/wp\/v2\/types\/product"}],"replies":[{"embeddable":true,"href":"https:\/\/www.tb-academy.nl\/pl\/wp-json\/wp\/v2\/comments?post=1688"}],"wp:featuredmedia":[{"embeddable":true,"href":"https:\/\/www.tb-academy.nl\/pl\/wp-json\/wp\/v2\/media\/1990"}],"wp:attachment":[{"href":"https:\/\/www.tb-academy.nl\/pl\/wp-json\/wp\/v2\/media?parent=1688"}],"wp:term":[{"taxonomy":"product_brand","embeddable":true,"href":"https:\/\/www.tb-academy.nl\/pl\/wp-json\/wp\/v2\/product_brand?post=1688"},{"taxonomy":"product_cat","embeddable":true,"href":"https:\/\/www.tb-academy.nl\/pl\/wp-json\/wp\/v2\/product_cat?post=1688"},{"taxonomy":"product_tag","embeddable":true,"href":"https:\/\/www.tb-academy.nl\/pl\/wp-json\/wp\/v2\/product_tag?post=1688"}],"curies":[{"name":"wp","href":"https:\/\/api.w.org\/{rel}","templated":true}]}}