{"id":1700,"date":"2025-04-16T12:17:22","date_gmt":"2025-04-16T10:17:22","guid":{"rendered":"https:\/\/www.tb-academy.nl\/product\/czlonkostwo\/"},"modified":"2025-05-28T10:36:56","modified_gmt":"2025-05-28T08:36:56","slug":"zloto","status":"publish","type":"product","link":"https:\/\/www.tb-academy.nl\/pl\/produkt\/zloto\/","title":{"rendered":"Z\u0142oto"},"content":{"rendered":"<p class=\"\" data-start=\"62\" data-end=\"213\">Dzi\u0119ki <strong data-start=\"66\" data-end=\"74\">Gold<\/strong> nauczysz si\u0119 pewnie m\u00f3wi\u0107 po niderlandzku w rozpoznawalnych, codziennych sytuacjach we w\u0142asnym tempie. Otrzymujesz natychmiastowy dost\u0119p do pi\u0119ciu <a href=\"#modules\">modu\u0142\u00f3w.<\/a><\/p>\n","protected":false},"excerpt":{"rendered":"<p>Dzi\u0119ki Gold nauczysz si\u0119 pewnie m\u00f3wi\u0107 po niderlandzku w rozpoznawalnych, codziennych sytuacjach we w\u0142asnym tempie. Otrzymujesz natychmiastowy dost\u0119p do pi\u0119ciu modu\u0142\u00f3w.<\/p>\n","protected":false},"featured_media":1987,"comment_status":"open","ping_status":"closed","template":"","meta":[],"product_brand":[],"product_cat":[58],"product_tag":[],"class_list":{"0":"post-1700","1":"product","2":"type-product","3":"status-publish","4":"has-post-thumbnail","6":"product_cat-czlonkostwo","8":"first","9":"instock","10":"sale","11":"virtual","12":"sold-individually","13":"taxable","14":"purchasable","15":"product-type-woosb"},"_links":{"self":[{"href":"https:\/\/www.tb-academy.nl\/pl\/wp-json\/wp\/v2\/product\/1700","targetHints":{"allow":["GET"]}}],"collection":[{"href":"https:\/\/www.tb-academy.nl\/pl\/wp-json\/wp\/v2\/product"}],"about":[{"href":"https:\/\/www.tb-academy.nl\/pl\/wp-json\/wp\/v2\/types\/product"}],"replies":[{"embeddable":true,"href":"https:\/\/www.tb-academy.nl\/pl\/wp-json\/wp\/v2\/comments?post=1700"}],"wp:featuredmedia":[{"embeddable":true,"href":"https:\/\/www.tb-academy.nl\/pl\/wp-json\/wp\/v2\/media\/1987"}],"wp:attachment":[{"href":"https:\/\/www.tb-academy.nl\/pl\/wp-json\/wp\/v2\/media?parent=1700"}],"wp:term":[{"taxonomy":"product_brand","embeddable":true,"href":"https:\/\/www.tb-academy.nl\/pl\/wp-json\/wp\/v2\/product_brand?post=1700"},{"taxonomy":"product_cat","embeddable":true,"href":"https:\/\/www.tb-academy.nl\/pl\/wp-json\/wp\/v2\/product_cat?post=1700"},{"taxonomy":"product_tag","embeddable":true,"href":"https:\/\/www.tb-academy.nl\/pl\/wp-json\/wp\/v2\/product_tag?post=1700"}],"curies":[{"name":"wp","href":"https:\/\/api.w.org\/{rel}","templated":true}]}}