{"id":2793,"date":"2025-05-20T09:48:53","date_gmt":"2025-05-20T07:48:53","guid":{"rendered":"https:\/\/www.tb-academy.nl\/?post_type=product&#038;p=2793"},"modified":"2025-05-20T10:49:59","modified_gmt":"2025-05-20T08:49:59","slug":"braz","status":"publish","type":"product","link":"https:\/\/www.tb-academy.nl\/pl\/produkt\/braz\/","title":{"rendered":"Br\u0105z"},"content":{"rendered":"<p class=\"\" data-start=\"62\" data-end=\"213\">Z Bronsem nauczysz si\u0119 m\u00f3wi\u0107 po holendersku pewnie i we w\u0142asnym tempie, w znanych, codziennych sytuacjach. Mo\u017cesz wybra\u0107 maksymalnie jeden modu\u0142 z poni\u017cszych <a href=\"#modules\">modu\u0142\u00f3w<\/a>:<\/p>\n","protected":false},"excerpt":{"rendered":"<p>Z Bronsem nauczysz si\u0119 m\u00f3wi\u0107 po holendersku pewnie i we w\u0142asnym tempie, w znanych, codziennych sytuacjach. Mo\u017cesz wybra\u0107 maksymalnie jeden modu\u0142 z poni\u017cszych modu\u0142\u00f3w:<\/p>\n","protected":false},"featured_media":1993,"comment_status":"open","ping_status":"closed","template":"","meta":[],"product_brand":[],"product_cat":[58],"product_tag":[],"class_list":{"0":"post-2793","1":"product","2":"type-product","3":"status-publish","4":"has-post-thumbnail","6":"product_cat-czlonkostwo","8":"first","9":"instock","10":"sale","11":"virtual","12":"taxable","13":"purchasable","14":"product-type-woosb"},"_links":{"self":[{"href":"https:\/\/www.tb-academy.nl\/pl\/wp-json\/wp\/v2\/product\/2793","targetHints":{"allow":["GET"]}}],"collection":[{"href":"https:\/\/www.tb-academy.nl\/pl\/wp-json\/wp\/v2\/product"}],"about":[{"href":"https:\/\/www.tb-academy.nl\/pl\/wp-json\/wp\/v2\/types\/product"}],"replies":[{"embeddable":true,"href":"https:\/\/www.tb-academy.nl\/pl\/wp-json\/wp\/v2\/comments?post=2793"}],"wp:featuredmedia":[{"embeddable":true,"href":"https:\/\/www.tb-academy.nl\/pl\/wp-json\/wp\/v2\/media\/1993"}],"wp:attachment":[{"href":"https:\/\/www.tb-academy.nl\/pl\/wp-json\/wp\/v2\/media?parent=2793"}],"wp:term":[{"taxonomy":"product_brand","embeddable":true,"href":"https:\/\/www.tb-academy.nl\/pl\/wp-json\/wp\/v2\/product_brand?post=2793"},{"taxonomy":"product_cat","embeddable":true,"href":"https:\/\/www.tb-academy.nl\/pl\/wp-json\/wp\/v2\/product_cat?post=2793"},{"taxonomy":"product_tag","embeddable":true,"href":"https:\/\/www.tb-academy.nl\/pl\/wp-json\/wp\/v2\/product_tag?post=2793"}],"curies":[{"name":"wp","href":"https:\/\/api.w.org\/{rel}","templated":true}]}}